{"id":175,"date":"2020-10-26T11:26:33","date_gmt":"2020-10-26T10:26:33","guid":{"rendered":"http:\/\/xtra.local\/?page_id=175"},"modified":"2020-12-23T16:48:58","modified_gmt":"2020-12-23T15:48:58","slug":"terms-and-conditions","status":"publish","type":"page","link":"https:\/\/xtramagazine.it\/it\/terms-and-conditions\/","title":{"rendered":"Termini e Condizioni"},"content":{"rendered":"<ol class=\"wp-block-list\"><li><strong><u>Definizioni<\/u><\/strong><\/li><\/ol>\n\n\n\n<p>1.1     Design Diffusion World Srl o Fornitore: Design Diffusion World  Srl, con sede legale in Milano, via Lucano n. 3, 20135, P.IVA: 07091350962.<\/p>\n\n\n\n<p>Utente: il soggetto che acquista l\u2019abbonamento ad una o pi\u00f9 riviste cartacee fornite da Design Diffusion World Srl, nonch\u00e9 la versione digitale (pdf) delle singole riviste fornite da Design Diffusion World Srl.<\/p>\n\n\n\n<p>Servizio: l\u2019abbonamento a una o pi\u00f9 delle riviste fornite dalla societ\u00e0 Design Diffusion World Srl, nonch\u00e9 della versione digitale (pdf) delle singole riviste e\/o degli altri contenuti digitali di volta in volta forniti da Design Diffusion World Srl.<\/p>\n\n\n\n<p>Offerta: il documento o, comunque, la comunicazione anche elettronica \u2013 eventualmente pubblicata online \u2013 contenente l\u2019indicazione del corrispettivo e di ogni altra condizione economica applicabile al Servizio per la sua intera durata o per parte di essa.<\/p>\n\n\n\n<p>Sito: l\u2019insieme dei contenuti raggiungibili all\u2019indirizzo&nbsp;<a href=\"https:\/\/www.designdiffusion.com\/\" target=\"_blank\" rel=\"noopener\">www.designdiffusion.com<\/a>.<\/p>\n\n\n\n<p>1.2     I termini definiti al singolare hanno lo stesso significato al plurale e viceversa.<\/p>\n\n\n\n<ol class=\"wp-block-list\" start=\"2\"><li><strong><u>Oggetto del contratto<\/u><\/strong><\/li><\/ol>\n\n\n\n<p>2.1     Il Servizio consente all\u2019Utente di acquistare l\u2019abbonamento per la consultazione della versione cartacea di una o pi\u00f9 delle riviste edite dalla societ\u00e0 Design Diffusion World, nonch\u00e9 di acquistare la versione digitale (pdf) delle singole riviste fornite da Design Diffusion World Srl ai propri abbonati.<\/p>\n\n\n\n<ol class=\"wp-block-list\" start=\"3\"><li><strong><u>Conclusione del contratto<\/u><\/strong><\/li><\/ol>\n\n\n\n<p>3.1     La richiesta dell\u2019Utente di acquistare singolarmente (per quanto riguarda la sola versione digitale pdf) o in abbonamento una o pi\u00f9 riviste fornite da Design Diffusion World  Srl equivale a proposta. La proposta dell\u2019Utente si intender\u00e0 accettata, e quindi il contratto concluso, al momento dell\u2019attivazione del Servizio da parte di Design Diffusion World  Srl.<\/p>\n\n\n\n<p>3.2     Design Diffusion World Srl confermer\u00e0 all\u2019Utente l\u2019avvenuta attivazione del Servizio mediante comunicazione elettronica all\u2019indirizzo mail utilizzato per la conclusione del contratto.<\/p>\n\n\n\n<p>3.3     Richiedendo l\u2019attivazione del Servizio, l\u2019Utente dichiara di aver letto e di accettare il contenuto dell\u2019Offerta nonch\u00e9 delle Condizioni Generali applicabili al Servizio.<\/p>\n\n\n\n<ol class=\"wp-block-list\" start=\"4\"><li><strong><u>Corrispettivo<\/u><\/strong><\/li><\/ol>\n\n\n\n<p>4.1     Per fruire del Servizio l\u2019Utente \u00e8 tenuto a corrispondere a Design Diffusion World  Srl il corrispettivo specificato nell\u2019Offerta prescelta dall\u2019Utente. I corrispettivi indicati sono sempre comprensivi di IVA salvo diversa indicazione.<\/p>\n\n\n\n<p>4.2     In caso di acquisti di singoli contenuti il pagamento del corrispettivo in favore di Design Diffusion World  Srl avverr\u00e0 in un\u2019unica soluzione contestualmente alla conclusione del contratto.<\/p>\n\n\n\n<p>In caso di abbonamento, il primo pagamento avverr\u00e0 al momento dell\u2019attivazione del Servizio \u2013 salvo diversamente indicato nell\u2019Offerta -, mentre quelli successivi  saranno dovuti alla scadenza dell\u2019offerta cui il cliente ha aderito o del periodo in relazione al quale ha gi\u00e0 pagato.<\/p>\n\n\n\n<p>4.3      Il pagamento potr\u00e0 essere effettuato attraverso una qualsiasi delle modalit\u00e0 indicate da Design Diffusion World  Srl al momento della richiesta del Servizio da parte dell\u2019Utente. Le modalit\u00e0 sono indicate in dettaglio nell\u2019Offerta e potranno includere pagamento mediante conto corrente postale, paypal o bonifico bancario. A seconda dello strumento di pagamento prescelto, l\u2019Utente si impegna a porre in essere tutto quanto necessario a garantire il buon fine del pagamento.<\/p>\n\n\n\n<p>4.4   Nel caso in cui il Servizio abbia ad oggetto l\u2019abbonamento alla versione cartacea di una o pi\u00f9 riviste offerte dalla Societ\u00e0, Design Diffusion World Srl pu\u00f2 richiedere all\u2019Utente anche il pagamento di una somma a titolo di contributo per i costi di spedizione sul territorio italiano. Nel caso in cui il luogo della consegna si trovi al di fuori dal territorio italiano, l\u2019Utente ha l\u2019obbligo di indicare le modalit\u00e0 di spedizione, sopportandone interamente i costi.<\/p>\n\n\n\n<ol class=\"wp-block-list\" start=\"5\"><li><strong><u>Sospensione e cessazione del Servizio<\/u><\/strong><\/li><\/ol>\n\n\n\n<p>5.1     Nel caso in cui il pagamento degli importi dovuti a Design Diffusion World  Srl ai sensi dell\u2019articolo che precede  non dovesse andare a buon fine, Design Diffusion World Srl si riserva il diritto di sospendere temporaneamente l\u2019erogazione del Servizio fino al momento dell\u2019effettivo pagamento.<\/p>\n\n\n\n<p>5.2     Resta inteso che Design Diffusion World Srl potr\u00e0 comunque sospendere e\/o cessare definitivamente l\u2019erogazione del Servizio qualora l\u2019Utente violi una o pi\u00f9 delle disposizioni contenute nelle presenti Condizioni Generali, fatto salvo il diritto al risarcimento dei danni.<\/p>\n\n\n\n<p>5.3     Nei casi di sospensione o cessazione definitiva dell\u2019erogazione dei Servizi per causa imputabile all\u2019Utente, quest\u2019ultimo non avr\u00e0 diritto a vedersi riconoscere alcun rimborso per quella parte dei Servizi non ancora utilizzata.<\/p>\n\n\n\n<ol class=\"wp-block-list\" start=\"6\"><li><strong><u>Durata e disattivazione dell\u2019abbonamento<\/u><\/strong><\/li><\/ol>\n\n\n\n<p>Il servizio in abbonamento si intende a tempo indeterminato.\n\nTrascorso il termine per l\u2019esercizio del diritto di recesso di cui al successivo articolo 9 \u2013 ovvero sin dal momento dell\u2019attivazione per gli Utenti diversi dai consumatori\u2013, l\u2019Utente avr\u00e0 facolt\u00e0 di disattivare il Servizio in qualsiasi momento. Per disattivare il Servizio e per maggiori informazioni al riguardo, l\u2019Utente pu\u00f2 contattare l\u2019assistenza clienti all\u2019indirizzo e-mail: abbonamenti@designdiffusion.com. Resta inteso che la disattivazione avr\u00e0 effetto a partire dal termine del periodo di pagamento in corso con la conseguenza che le somme dovute per tale periodo saranno regolarmente addebitate da Design Diffusion World  Srl e non potranno formare oggetto di rimborso.<\/p>\n\n\n\n<ol class=\"wp-block-list\" start=\"7\"><li><strong><u>Limitazioni di responsabilit\u00e0<\/u><\/strong><\/li><\/ol>\n\n\n\n<p>7.1     Nonostante la professionalit\u00e0 con cui Design Diffusion World  Srl cura la redazione e l\u2019aggiornamento dei propri contenuti, \u00e8 possibile che gli stessi contengano errori ovvero non siano aggiornati. L\u2019Utente pertanto \u00e8 il solo responsabile in relazione a qualsivoglia attivit\u00e0 intrapresa sulla base dei dati, delle informazioni, delle notizie e dei contenuti forniti da Design Diffusion World  Srl.<\/p>\n\n\n\n<ol class=\"wp-block-list\" start=\"8\"><li><strong><u>Recesso<\/u><\/strong><\/li><\/ol>\n\n\n\n<p>8.1     Entro 14 giorni dalla data di attivazione dell\u2019abbonamento, l\u2019Utente \u2013 se consumatore \u2013 potr\u00e0 comunicare a Design Diffusion World Srl la propria volont\u00e0 di recedere dal contratto inviando una comunicazione scritta ai seguenti recapiti:<\/p>\n\n\n\n<p>Posta: Design Diffusion World  Srl, 20135 Milano, via Lucano n. 3. Posta elettronica: abbonamenti@designdiffusion.com<br>8.2   Ricevuta tale comunicazione, Design Diffusion World Srl provveder\u00e0, immediatamente, alla disabilitazione dell\u2019abbonamento e, entro i successivi 14 giorni, all\u2019eventuale riaccredito all\u2019Utente della differenza tra il corrispettivo versato e quello dovuto per la fruizione dei contenuti in abbonamento sino alla data di esercizio del diritto di recesso.<\/p>\n\n\n\n<p>8.3    L\u2019Utente non avr\u00e0, invece, diritto ad esercitare il diritto di recesso nel caso di acquisto singolo di riviste o periodici.<\/p>\n\n\n\n<ol class=\"wp-block-list\" start=\"9\"><li><strong><u>Misure di sicurezza a protezione dei contenuti<\/u><\/strong><\/li><\/ol>\n\n\n\n<p>9.1    Fatto salvo tutto quanto previsto all\u2019art. 4 delle Condizioni Generali, i contenuti forniti da Design Diffusion World Srl potranno essere protetti da specifiche misure di sicurezza elettroniche volte a garantirne l\u2019utilizzo nei limiti e con le modalit\u00e0 specificate nelle Condizioni di servizio, Generali e Particolari.<\/p>\n\n\n\n<p>9.2    L\u2019Utente si impegna a non rimuovere, disabilitare, manomettere, alterare e a non compiere qualsivoglia altra attivit\u00e0 volta ad eludere il corretto funzionamento delle misure applicate da Design Diffusion World Srl a protezione dei propri contenuti.<br>9.3    La violazione di quanto previsto al precedente punto dar\u00e0 diritto a Design Diffusion World Srl di risolvere immediatamente il contratto, fatto salvo, in ogni caso, il risarcimento del danno.<\/p>\n\n\n\n<ol class=\"wp-block-list\" start=\"10\"><li><strong><u>Modifica delle Condizioni di servizio<\/u><\/strong><\/li><\/ol>\n\n\n\n<p>Design Diffusion World Srl potr\u00e0 modificare in qualsiasi momento le presenti Condizioni. Eventuali modifiche avranno effetto sui contratti di abbonamento gi\u00e0 conclusi \u2013 salvo diversa indicazione \u2013 a partire dalla scadenza dell\u2019offerta alla quale l\u2019Utente ha aderito nel perfezionare l\u2019abbonamento o alla scadenza del periodo per il quale l\u2019Utente ha gi\u00e0 effettuato il pagamento. E\u2019 onere dell\u2019utente, prima di ogni rinnovo contrattuale, verificare eventuali variazioni dei corrispettivi.<\/p>\n\n\n\n<ol class=\"wp-block-list\" start=\"11\"><li><strong><u>Legge applicabile e Foro competente<\/u><\/strong><\/li><\/ol>\n\n\n\n<p>11.1 Il Servizio sar\u00e0 disciplinato, oltre che dalle presenti Condizioni, dalla legge italiana e, in particolare, con esclusivo riferimento all\u2019Utente che possa qualificarsi come Consumatore, dalle norme del Capo I del Titolo III della parte III del Codice del Consumo.<\/p>\n\n\n\n<p>11.2 Qualsiasi controversia che dovesse insorgere tra le Parti in merito alla validit\u00e0, interpretazione od esecuzione delle presenti Condizioni sar\u00e0 sottoposta alla giurisdizione italiana. Salvo quanto previsto dall\u2019art. 66-bis del Codice del Consumo ed in ogni caso qualora l\u2019Utente non possa qualificarsi come Consumatore, per la risoluzione delle controversie insorte tra le Parti sar\u00e0 competente il Foro di legge.<\/p>\n\n\n\n<p>11.3 Per la risoluzione delle controversie sorte dall\u2019esatta applicazione dei contratti disciplinati dalle disposizioni delle Sezioni da I a IV del Capo I del Titolo III della parte III del Codice del Consumo, l\u2019Utente potr\u00e0 ricorrere alle procedure di mediazione di cui al D. Lgs. n. 28\/2010, ovvero potr\u00e0 ricorrere agli organismi di ADR.<\/p>","protected":false},"excerpt":{"rendered":"<p>Definitions 1.1&nbsp; Design Diffusion World Srl or Supplier: Design Diffusion World Srl, with registered office in Milan, via Lucano n. 3, 20135, VAT number: 7091350962. User: the subject who purchases the subscription to one or more paper magazines provided by Design Diffusion World Srl, as well as to the digital version (pdf) of the single [&hellip;]<\/p>\n","protected":false},"author":1,"featured_media":902,"parent":0,"menu_order":0,"comment_status":"closed","ping_status":"closed","template":"","meta":{"footnotes":""},"class_list":["post-175","page","type-page","status-publish","has-post-thumbnail","hentry"],"_links":{"self":[{"href":"https:\/\/xtramagazine.it\/it\/wp-json\/wp\/v2\/pages\/175","targetHints":{"allow":["GET"]}}],"collection":[{"href":"https:\/\/xtramagazine.it\/it\/wp-json\/wp\/v2\/pages"}],"about":[{"href":"https:\/\/xtramagazine.it\/it\/wp-json\/wp\/v2\/types\/page"}],"author":[{"embeddable":true,"href":"https:\/\/xtramagazine.it\/it\/wp-json\/wp\/v2\/users\/1"}],"replies":[{"embeddable":true,"href":"https:\/\/xtramagazine.it\/it\/wp-json\/wp\/v2\/comments?post=175"}],"version-history":[{"count":0,"href":"https:\/\/xtramagazine.it\/it\/wp-json\/wp\/v2\/pages\/175\/revisions"}],"wp:featuredmedia":[{"embeddable":true,"href":"https:\/\/xtramagazine.it\/it\/wp-json\/wp\/v2\/media\/902"}],"wp:attachment":[{"href":"https:\/\/xtramagazine.it\/it\/wp-json\/wp\/v2\/media?parent=175"}],"curies":[{"name":"wp","href":"https:\/\/api.w.org\/{rel}","templated":true}]}}